{"id":4126,"date":"2024-02-27T15:59:33","date_gmt":"2024-02-27T14:59:33","guid":{"rendered":"https:\/\/plantlightscience.com\/services\/"},"modified":"2024-10-26T10:46:57","modified_gmt":"2024-10-26T08:46:57","slug":"services","status":"publish","type":"page","link":"https:\/\/plantlightscience.com\/en\/services\/","title":{"rendered":"Services"},"content":{"rendered":"\n<p><strong>The PLS services at a glance<\/strong><\/p>\n\n<h2 class=\"wp-block-heading\">Consulting<\/h2>\n\n<div class=\"wp-block-columns is-layout-flex wp-container-core-columns-is-layout-9d6595d7 wp-block-columns-is-layout-flex\">\n<div class=\"wp-block-column is-layout-flow wp-block-column-is-layout-flow\">\n<p>With <strong>8 years of consulting experience<\/strong> in <strong>production horticulture <\/strong>and <strong>commercial cannabis production<\/strong> (e.g. USA, Canada, Italy), we offer comprehensive expertise to provide you with individual and highly competent advice. Thanks to our <a href=\"https:\/\/plantlightscience.com\/en\/about-us\/\">close cooperation with universities and research institutes<\/a>, we are always at the cutting edge of research and develop innovative solutions for the highly individual requirements of our customers in plant production.<\/p>\n<\/div>\n<\/div>\n\n<h2 class=\"wp-block-heading\">CSC and Cannabis Consulting<\/h2>\n\n<div class=\"wp-block-columns is-layout-flex wp-container-core-columns-is-layout-9d6595d7 wp-block-columns-is-layout-flex\">\n<div class=\"wp-block-column is-layout-flow wp-block-column-is-layout-flow\">\n<p>Through an <strong>exclusive partnership with BlackDogLed USA<\/strong>, PLS has played a key role in the <strong>design, construction and operation of a large number of commercial cannabis production facilities (USA, Canada) <\/strong>since 2016. This collaboration enabled us to gain extensive experience and successfully contribute our expertise, particularly in the area of plant lighting. Over the past 8 years we have gained <strong>significant knowledge in the field of commercial cannabis production<\/strong> and look forward to sharing this knowledge with the emerging <strong>cannabis social clubs <\/strong>.<\/p>\n<\/div>\n<\/div>\n\n<h2 class=\"wp-block-heading\">Custom Light Maps:<\/h2>\n\n<p>With our in-house developed <strong>light modeling software<\/strong>, we guarantee you the <strong>optimum light intensity on every square centimeter<\/strong> of your growing area &#8211; even down to every cubic centimeter from top to bottom. In addition, we have the necessary expertise and many years of experience to recommend <strong>customized lighting solutions<\/strong> for your specific requirements, regardless of the type of your cultivation products.<\/p>\n\n<h2 class=\"wp-block-heading\">Engineering<\/h2>\n\n<p>We have been developing and producing <strong>software-controlled multi-channel LED light sources for research applications<\/strong> for 8 years. Our main focus is on plant illumination, in particular the optimization of photosynthesis, photomorphogenesis and the manipulation of photoreceptors. Although we consider ourselves experts in plant lighting, we have also developed a variety of hyperspectral light sources for other research areas in the past. We specialize in the development of software-controlled multi-channel LED light sources in the wavelength range from 300 to 1200 nm with any desired output<\/p>\n\n<h2 class=\"wp-block-heading\">Spectroscopy<\/h2>\n\n<p>Our spectroscopy enables precise <strong>determination of the current spectral production conditions<\/strong>. We measure the light spectrum acting on your plants far beyond the PAR range to gain a comprehensive understanding of the light spectrum and its effects on plant growth.<\/p>\n\n<h2 class=\"wp-block-heading\">Prototype construction<\/h2>\n\n<p>Our prototyping department designs and develops innovative multi-channel LED light sources for you, tailored to your requirements and problems. We specialize in the development of <strong>software-controlled multi-channel LED light sources in the wavelength range from 300 to 1200 nm<\/strong>.<\/p>\n\n<h2 class=\"wp-block-heading\">Research and development:<\/h2>\n\n<p>In publicly and privately funded research projects, we develop and research <strong>innovative LED-based hyperspectral lighting concepts<\/strong> for a wide range of applications in biology, botany and agricultural sciences in collaboration with renowned research institutions.<\/p>\n\n<h2 class=\"wp-block-heading\">Spectral research: Optimization of photosynthesis and photomorphogenesis<\/h2>\n\n<p>Since 2016, PLS has been developing methods for optimizing &#8220;personalized ideal spectra&#8221; (as part of the EXIST project) for various plant species in order to determine them as quickly and precisely as possible. These <strong>&#8220;ideal spectra&#8221;<\/strong> are <strong>optimized<\/strong> with regard to the maximum <strong>photosynthesis rate<\/strong> and then adjusted in consultation with the producer to ensure a compromise between maximum photosynthesis rate and <strong>ideal morphogenesis of the end product<\/strong>.<\/p>\n\n<p><strong><a href=\"https:\/\/plantlightscience.com\/en\/contact-us\/\">Contact us<\/a> or arrange a consultation for your large-scale project.<\/strong><\/p>\n\n<hr class=\"wp-block-separator has-alpha-channel-opacity\"\/>\n\n<div class=\"wp-block-group alignfull is-content-justification-center\" style=\"margin-top:0;margin-bottom:0;padding-top:calc( 0.5 * var(--wp--style--root--padding-right, var(--wp--custom--gap--horizontal)));padding-right:var(--wp--style--root--padding-right, var(--wp--custom--gap--horizontal));padding-bottom:calc( 0.5 * var(--wp--style--root--padding-right, var(--wp--custom--gap--horizontal)));padding-left:var(--wp--style--root--padding-left, var(--wp--custom--gap--horizontal))\"><div class=\"wp-block-group__inner-container is-layout-constrained wp-container-core-group-is-layout-b073b61b wp-block-group-is-layout-constrained\">\n<div style=\"height:calc( 0.25 * var(--wp--style--root--padding-right, var(--wp--custom--gap--horizontal)))\" aria-hidden=\"true\" class=\"wp-block-spacer\"><\/div>\n\n\n\n<div class=\"wp-block-columns alignwide is-layout-flex wp-container-core-columns-is-layout-9d6595d7 wp-block-columns-is-layout-flex\">\n<div class=\"wp-block-column is-vertically-aligned-center is-layout-flow wp-block-column-is-layout-flow\">\n<p class=\"has-base-color has-text-color\" style=\"margin-top:0;margin-right:0;margin-bottom:0;margin-left:0;font-size:18px\"><strong>From 50\u20ac purchase value<\/strong><\/p>\n\n\n\n<h3 class=\"wp-block-heading has-base-color has-text-color\" style=\"font-size:48px\">Get a 5\u20ac discount!<\/h3>\n\n\n\n<p class=\"has-base-color has-text-color\" style=\"margin-top:0;margin-right:0;margin-bottom:0;margin-left:0;font-size:24px\">Sign up for our newsletter and save on your next purchase!<\/p>\n<\/div>\n\n\n\n<div class=\"wp-block-column is-vertically-aligned-center is-layout-flow wp-block-column-is-layout-flow\">\n<!-- Begin Brevo Form -->\n<!-- START - We recommend to place the below code in head tag of your website html -->\n<style>\n  @font-face {\n    font-display: block;\n    font-family: Roboto;\n    src: url(https:\/\/assets.brevo.com\/font\/Roboto\/Latin\/normal\/normal\/7529907e9eaf8ebb5220c5f9850e3811.woff2) format(\"woff2\"), url(https:\/\/assets.brevo.com\/font\/Roboto\/Latin\/normal\/normal\/25c678feafdc175a70922a116c9be3e7.woff) format(\"woff\")\n  }\n\n  @font-face {\n    font-display: fallback;\n    font-family: Roboto;\n    font-weight: 600;\n    src: url(https:\/\/assets.brevo.com\/font\/Roboto\/Latin\/medium\/normal\/6e9caeeafb1f3491be3e32744bc30440.woff2) format(\"woff2\"), url(https:\/\/assets.brevo.com\/font\/Roboto\/Latin\/medium\/normal\/71501f0d8d5aa95960f6475d5487d4c2.woff) format(\"woff\")\n  }\n\n  @font-face {\n    font-display: fallback;\n    font-family: Roboto;\n    font-weight: 700;\n    src: url(https:\/\/assets.brevo.com\/font\/Roboto\/Latin\/bold\/normal\/3ef7cf158f310cf752d5ad08cd0e7e60.woff2) format(\"woff2\"), url(https:\/\/assets.brevo.com\/font\/Roboto\/Latin\/bold\/normal\/ece3a1d82f18b60bcce0211725c476aa.woff) format(\"woff\")\n  }\n\n  #sib-container input:-ms-input-placeholder {\n    text-align: left;\n    font-family: Helvetica, sans-serif;\n    color: #c0ccda;\n  }\n\n  #sib-container input::placeholder {\n    text-align: left;\n    font-family: Helvetica, sans-serif;\n    color: #c0ccda;\n  }\n\n  #sib-container textarea::placeholder {\n    text-align: left;\n    font-family: Helvetica, sans-serif;\n    color: #c0ccda;\n  }\n\n  #sib-container a {\n    text-decoration: underline;\n    color: #2BB2FC;\n  }\n<\/style>\n<link rel=\"stylesheet\" href=\"https:\/\/sibforms.com\/forms\/end-form\/build\/sib-styles.css\"\/>\n<!-- END - We recommend to place the above code in head tag of your website html -->\n\n<!-- START - We recommend to place the below code where you want the form in your website html -->\n<div class=\"sib-form\" style=\"text-align: center; background-color: transparent;  \">\n  <div id=\"sib-form-container\" class=\"sib-form-container\">\n    <div id=\"error-message\" class=\"sib-form-message-panel\" style=\"font-size:16px; text-align:left; font-family:Helvetica, sans-serif; color:#661d1d; background-color:#ffeded; border-radius:3px; border-color:#ff4949;max-width:540px;\">\n      <div class=\"sib-form-message-panel__text sib-form-message-panel__text--center\">\n        <svg viewbox=\"0 0 512 512\" class=\"sib-icon sib-notification__icon\">\n          <path d=\"M256 40c118.621 0 216 96.075 216 216 0 119.291-96.61 216-216 216-119.244 0-216-96.562-216-216 0-119.203 96.602-216 216-216m0-32C119.043 8 8 119.083 8 256c0 136.997 111.043 248 248 248s248-111.003 248-248C504 119.083 392.957 8 256 8zm-11.49 120h22.979c6.823 0 12.274 5.682 11.99 12.5l-7 168c-.268 6.428-5.556 11.5-11.99 11.5h-8.979c-6.433 0-11.722-5.073-11.99-11.5l-7-168c-.283-6.818 5.167-12.5 11.99-12.5zM256 340c-15.464 0-28 12.536-28 28s12.536 28 28 28 28-12.536 28-28-12.536-28-28-28z\"><\/path>\n        <\/svg>\n        <span class=\"sib-form-message-panel__inner-text\">\n  Your registration could not be saved. Please try again. \n                      <\/span>\n      <\/div>\n    <\/div>\n    <div><\/div>\n    <div id=\"success-message\" class=\"sib-form-message-panel\" style=\"font-size:16px; text-align:left; font-family:Helvetica, sans-serif; color:#085229; background-color:#e7faf0; border-radius:3px; border-color:#13ce66;max-width:540px;\">\n      <div class=\"sib-form-message-panel__text sib-form-message-panel__text--center\">\n        <svg viewbox=\"0 0 512 512\" class=\"sib-icon sib-notification__icon\">\n          <path d=\"M256 8C119.033 8 8 119.033 8 256s111.033 248 248 248 248-111.033 248-248S392.967 8 256 8zm0 464c-118.664 0-216-96.055-216-216 0-118.663 96.055-216 216-216 118.664 0 216 96.055 216 216 0 118.663-96.055 216-216 216zm141.63-274.961L217.15 376.071c-4.705 4.667-12.303 4.637-16.97-.068l-85.878-86.572c-4.667-4.705-4.637-12.303.068-16.97l8.52-8.451c4.705-4.667 12.303-4.637 16.97.068l68.976 69.533 163.441-162.13c4.705-4.667 12.303-4.637 16.97.068l8.451 8.52c4.668 4.705 4.637 12.303-.068 16.97z\"><\/path>\n        <\/svg>\n        <span class=\"sib-form-message-panel__inner-text\">\n  Your registration was successful.\n                      <\/span>\n      <\/div>\n    <\/div>\n    <div><\/div>\n    <div id=\"sib-container\" class=\"sib-container--large sib-container--vertical\" style=\"text-align:center; background-color:rgba(255,255,255,1); max-width:540px; border-radius:3px; border-width:0px; border-color:#C0CCD9; border-style:solid; direction:ltr\">\n      <form id=\"sib-form\" method=\"POST\" action=\"https:\/\/0c8a33e6.sibforms.com\/serve\/MUIFAPapOLhzknc77I5uW6xLTjR6FZbSIy0EFWkZFavcZ_XOAs7Dzsu97OGXgOSCXLDx8MRBWNZPEq2v9texpWvi-M8RPt6Cv0F-L7zoq-RB9rgDaprpcBtlK3FD1IKQk8BPdoLaNNbsz7HrjCrraSWFF_l9XnHMJ3hZ3z2CA57sRaHFMVkNgbw56cA1ipmjWjaBa2MiO7mYmpIQ\" data-type=\"subscription\">\n        <div style=\"padding: 8px 0;\">\n          <div class=\"sib-input sib-form-block\">\n            <div class=\"form__entry entry_block\">\n              <div class=\"form__label-row \">\n                <label class=\"entry__label\" style=\"font-weight: 700; text-align:left; font-size:16px; text-align:left; font-weight:700; font-family:Helvetica, sans-serif; color:#3c4858;\" for=\"EMAIL\" data-required=\"*\">Enter your e-mail address to sign up<\/label>\n\n                <div class=\"entry__field\">\n                  <input class=\"input \" type=\"text\" id=\"EMAIL\" name=\"EMAIL\" autocomplete=\"off\" placeholder=\"EMAIL\" data-required=\"true\" required=\"\"\/>\n                <\/div>\n              <\/div>\n\n              <label class=\"entry__error entry__error--primary\" style=\"font-size:16px; text-align:left; font-family:Helvetica, sans-serif; color:#661d1d; background-color:#ffeded; border-radius:3px; border-color:#ff4949;\">\n              <\/label>\n            <\/div>\n          <\/div>\n        <\/div>\n        <div style=\"padding: 8px 0;\">\n          <div class=\"sib-optin sib-form-block\">\n            <div class=\"form__entry entry_mcq\">\n              <div class=\"form__label-row \">\n                <div class=\"entry__choice\" style=\"\">\n                  <label>\n                    <input type=\"checkbox\" class=\"input_replaced\" value=\"1\" id=\"OPT_IN\" name=\"OPT_IN\"\/>\n                    <span class=\"checkbox checkbox_tick_positive\" style=\"margin-left:\"><\/span><span style=\"font-size:14px; text-align:left; font-family:Helvetica, sans-serif; color:#3C4858; background-color:transparent;\"><p>I would like to receive the newsletter and accept the <a href=\"https:\/\/plantlightscience.com\/en\/privacy-policy\/\" target=\"_blank\" rel=\"noopener\">privacy policy<\/a>.<\/p><\/span> <\/label>\n                <\/div>\n              <\/div>\n              <label class=\"entry__error entry__error--primary\" style=\"font-size:16px; text-align:left; font-family:Helvetica, sans-serif; color:#661d1d; background-color:#ffeded; border-radius:3px; border-color:#ff4949;\">\n              <\/label>\n              <label class=\"entry__specification\" style=\"font-size:12px; text-align:left; font-family:Helvetica, sans-serif; color:#8390A4; text-align:left\">\n  You can unsubscribe from the newsletter at any time via the link in our newsletter.\n              <\/label>\n            <\/div>\n          <\/div>\n        <\/div>\n        <div style=\"padding: 8px 0;\">\n          <div class=\"sib-form-block\" style=\"text-align: left\">\n            <button class=\"sib-form-block__button sib-form-block__button-with-loader\" style=\"font-size:14px; text-align:left; font-family:Helvetica, sans-serif; color:#FFFFFF; background-color:#02b784; border-radius:3px; border-width:0px;\" form=\"sib-form\" type=\"submit\">\n              <svg class=\"icon clickable__icon progress-indicator__icon sib-hide-loader-icon\" viewbox=\"0 0 512 512\">\n                <path d=\"M460.116 373.846l-20.823-12.022c-5.541-3.199-7.54-10.159-4.663-15.874 30.137-59.886 28.343-131.652-5.386-189.946-33.641-58.394-94.896-95.833-161.827-99.676C261.028 55.961 256 50.751 256 44.352V20.309c0-6.904 5.808-12.337 12.703-11.982 83.556 4.306 160.163 50.864 202.11 123.677 42.063 72.696 44.079 162.316 6.031 236.832-3.14 6.148-10.75 8.461-16.728 5.01z\"><\/path>\n              <\/svg>\n  REGISTER\n            <\/button>\n          <\/div>\n        <\/div>\n\n        <input type=\"text\" name=\"email_address_check\" value=\"\" class=\"input--hidden\"\/>\n        <input type=\"hidden\" name=\"locale\" value=\"en\"\/>\n      <\/form>\n    <\/div>\n  <\/div>\n<\/div>\n<!-- END - We recommend to place the above code where you want the form in your website html -->\n\n<!-- START - We recommend to place the below code in footer or bottom of your website html -->\n<script>\n  window.REQUIRED_CODE_ERROR_MESSAGE = 'W\u00e4hlen Sie bitte einen L\u00e4ndervorwahl aus.';\n  window.LOCALE = 'de';\n  window.EMAIL_INVALID_MESSAGE = window.SMS_INVALID_MESSAGE = \"Die eingegebenen Informationen sind nicht g\u00fcltig. Bitte \u00fcberpr\u00fcfe das Feldformat und versuche es erneut.\";\n\n  window.REQUIRED_ERROR_MESSAGE = \"Dieses Feld darf nicht leer sein. \";\n\n  window.GENERIC_INVALID_MESSAGE = \"Die eingegebenen Informationen sind nicht g\u00fcltig. Bitte \u00fcberpr\u00fcfe das Feldformat und versuche es erneut.\";\n\n\n\n\n  window.translation = {\n    common: {\n      selectedList: '{quantity} Liste ausgew\u00e4hlt',\n      selectedLists: '{quantity} Listen ausgew\u00e4hlt'\n    }\n  };\n\n  var AUTOHIDE = Boolean(0);\n<\/script>\n\n<script defer=\"defer\" src=\"https:\/\/sibforms.com\/forms\/end-form\/build\/main.js\"><\/script>\n\n\n<!-- END - We recommend to place the above code in footer or bottom of your website html -->\n<!-- End Brevo Form -->\n<\/div>\n<\/div>\n\n\n\n<div style=\"height:calc( 0.25 * var(--wp--style--root--padding-right, var(--wp--custom--gap--horizontal)))\" aria-hidden=\"true\" class=\"wp-block-spacer\"><\/div>\n<\/div><\/div>\n","protected":false},"excerpt":{"rendered":"<p>The PLS services at a glance Consulting With 8 years of consulting experience in production horticulture and commercial cannabis production (e.g. USA, Canada, Italy), we offer comprehensive expertise to provide you with individual and highly competent advice. Thanks to our close cooperation with universities and research institutes, we are always at the cutting edge of [&#8230;] <a href=\"https:\/\/plantlightscience.com\/en\/services\/\">read more<\/a><\/p>\n","protected":false},"author":1,"featured_media":0,"parent":0,"menu_order":0,"comment_status":"closed","ping_status":"closed","template":"","meta":{"footnotes":""},"class_list":["post-4126","page","type-page","status-publish","hentry"],"yoast_head":"<!-- This site is optimized with the Yoast SEO plugin v26.4 - https:\/\/yoast.com\/wordpress\/plugins\/seo\/ -->\n<title>Services for Indoor-Grows | Plant Light Science<\/title>\n<meta name=\"description\" content=\"Discover our services for indoor grows | Professional advice, LED plant lamps &amp; accessories for maximum yields | Plant Light Science supports your success.\" \/>\n<meta name=\"robots\" content=\"index, follow, max-snippet:-1, max-image-preview:large, max-video-preview:-1\" \/>\n<link rel=\"canonical\" href=\"https:\/\/plantlightscience.com\/en\/services\/\" \/>\n<meta property=\"og:locale\" content=\"en_US\" \/>\n<meta property=\"og:type\" content=\"article\" \/>\n<meta property=\"og:title\" content=\"Services for Indoor-Grows | Plant Light Science\" \/>\n<meta property=\"og:description\" content=\"Discover our services for indoor grows | Professional advice, LED plant lamps &amp; accessories for maximum yields | Plant Light Science supports your success.\" \/>\n<meta property=\"og:url\" content=\"https:\/\/plantlightscience.com\/en\/services\/\" \/>\n<meta property=\"og:site_name\" content=\"Plant Light Science\" \/>\n<meta property=\"article:publisher\" content=\"https:\/\/www.facebook.com\/PlantLightScience\" \/>\n<meta property=\"article:modified_time\" content=\"2024-10-26T08:46:57+00:00\" \/>\n<meta property=\"og:image\" content=\"https:\/\/plantlightscience.com\/wp-content\/uploads\/2024\/09\/Web_Banner_V7-1-opt-min.jpeg\" \/>\n\t<meta property=\"og:image:width\" content=\"1600\" \/>\n\t<meta property=\"og:image:height\" content=\"800\" \/>\n\t<meta property=\"og:image:type\" content=\"image\/jpeg\" \/>\n<meta name=\"twitter:card\" content=\"summary_large_image\" \/>\n<meta name=\"twitter:label1\" content=\"Est. reading time\" \/>\n\t<meta name=\"twitter:data1\" content=\"3 minutes\" \/>\n<script type=\"application\/ld+json\" class=\"yoast-schema-graph\">{\"@context\":\"https:\/\/schema.org\",\"@graph\":[{\"@type\":\"WebPage\",\"@id\":\"https:\/\/plantlightscience.com\/en\/services\/\",\"url\":\"https:\/\/plantlightscience.com\/en\/services\/\",\"name\":\"Services for Indoor-Grows | Plant Light Science\",\"isPartOf\":{\"@id\":\"https:\/\/plantlightscience.com\/en\/#website\"},\"datePublished\":\"2024-02-27T14:59:33+00:00\",\"dateModified\":\"2024-10-26T08:46:57+00:00\",\"description\":\"Discover our services for indoor grows | Professional advice, LED plant lamps & accessories for maximum yields | Plant Light Science supports your success.\",\"breadcrumb\":{\"@id\":\"https:\/\/plantlightscience.com\/en\/services\/#breadcrumb\"},\"inLanguage\":\"en-US\",\"potentialAction\":[{\"@type\":\"ReadAction\",\"target\":[\"https:\/\/plantlightscience.com\/en\/services\/\"]}]},{\"@type\":\"BreadcrumbList\",\"@id\":\"https:\/\/plantlightscience.com\/en\/services\/#breadcrumb\",\"itemListElement\":[{\"@type\":\"ListItem\",\"position\":1,\"name\":\"Startseite\",\"item\":\"https:\/\/plantlightscience.com\/en\/\"},{\"@type\":\"ListItem\",\"position\":2,\"name\":\"Services\"}]},{\"@type\":\"WebSite\",\"@id\":\"https:\/\/plantlightscience.com\/en\/#website\",\"url\":\"https:\/\/plantlightscience.com\/en\/\",\"name\":\"Plant Light Science\",\"description\":\"Pflanzenbeleuchtung &amp; Grow-Zubeh\u00f6r\",\"publisher\":{\"@id\":\"https:\/\/plantlightscience.com\/en\/#organization\"},\"alternateName\":\"PLS\",\"potentialAction\":[{\"@type\":\"SearchAction\",\"target\":{\"@type\":\"EntryPoint\",\"urlTemplate\":\"https:\/\/plantlightscience.com\/en\/?s={search_term_string}\"},\"query-input\":{\"@type\":\"PropertyValueSpecification\",\"valueRequired\":true,\"valueName\":\"search_term_string\"}}],\"inLanguage\":\"en-US\"},{\"@type\":\"Organization\",\"@id\":\"https:\/\/plantlightscience.com\/en\/#organization\",\"name\":\"Plant Light Science GmbH & Co. KG\",\"alternateName\":\"PLS\",\"url\":\"https:\/\/plantlightscience.com\/en\/\",\"logo\":{\"@type\":\"ImageObject\",\"inLanguage\":\"en-US\",\"@id\":\"https:\/\/plantlightscience.com\/en\/#\/schema\/logo\/image\/\",\"url\":\"https:\/\/plantlightscience.com\/wp-content\/uploads\/2024\/05\/PLS_LOGO_Zeichenflaeche-1-02.png\",\"contentUrl\":\"https:\/\/plantlightscience.com\/wp-content\/uploads\/2024\/05\/PLS_LOGO_Zeichenflaeche-1-02.png\",\"width\":2180,\"height\":2161,\"caption\":\"Plant Light Science GmbH & Co. KG\"},\"image\":{\"@id\":\"https:\/\/plantlightscience.com\/en\/#\/schema\/logo\/image\/\"},\"sameAs\":[\"https:\/\/www.facebook.com\/PlantLightScience\",\"https:\/\/www.instagram.com\/plant.light.science\/\"]}]}<\/script>\n<!-- \/ Yoast SEO plugin. -->","yoast_head_json":{"title":"Services for Indoor-Grows | Plant Light Science","description":"Discover our services for indoor grows | Professional advice, LED plant lamps & accessories for maximum yields | Plant Light Science supports your success.","robots":{"index":"index","follow":"follow","max-snippet":"max-snippet:-1","max-image-preview":"max-image-preview:large","max-video-preview":"max-video-preview:-1"},"canonical":"https:\/\/plantlightscience.com\/en\/services\/","og_locale":"en_US","og_type":"article","og_title":"Services for Indoor-Grows | Plant Light Science","og_description":"Discover our services for indoor grows | Professional advice, LED plant lamps & accessories for maximum yields | Plant Light Science supports your success.","og_url":"https:\/\/plantlightscience.com\/en\/services\/","og_site_name":"Plant Light Science","article_publisher":"https:\/\/www.facebook.com\/PlantLightScience","article_modified_time":"2024-10-26T08:46:57+00:00","og_image":[{"width":1600,"height":800,"url":"https:\/\/plantlightscience.com\/wp-content\/uploads\/2024\/09\/Web_Banner_V7-1-opt-min.jpeg","type":"image\/jpeg"}],"twitter_card":"summary_large_image","twitter_misc":{"Est. reading time":"3 minutes"},"schema":{"@context":"https:\/\/schema.org","@graph":[{"@type":"WebPage","@id":"https:\/\/plantlightscience.com\/en\/services\/","url":"https:\/\/plantlightscience.com\/en\/services\/","name":"Services for Indoor-Grows | Plant Light Science","isPartOf":{"@id":"https:\/\/plantlightscience.com\/en\/#website"},"datePublished":"2024-02-27T14:59:33+00:00","dateModified":"2024-10-26T08:46:57+00:00","description":"Discover our services for indoor grows | Professional advice, LED plant lamps & accessories for maximum yields | Plant Light Science supports your success.","breadcrumb":{"@id":"https:\/\/plantlightscience.com\/en\/services\/#breadcrumb"},"inLanguage":"en-US","potentialAction":[{"@type":"ReadAction","target":["https:\/\/plantlightscience.com\/en\/services\/"]}]},{"@type":"BreadcrumbList","@id":"https:\/\/plantlightscience.com\/en\/services\/#breadcrumb","itemListElement":[{"@type":"ListItem","position":1,"name":"Startseite","item":"https:\/\/plantlightscience.com\/en\/"},{"@type":"ListItem","position":2,"name":"Services"}]},{"@type":"WebSite","@id":"https:\/\/plantlightscience.com\/en\/#website","url":"https:\/\/plantlightscience.com\/en\/","name":"Plant Light Science","description":"Pflanzenbeleuchtung &amp; Grow-Zubeh\u00f6r","publisher":{"@id":"https:\/\/plantlightscience.com\/en\/#organization"},"alternateName":"PLS","potentialAction":[{"@type":"SearchAction","target":{"@type":"EntryPoint","urlTemplate":"https:\/\/plantlightscience.com\/en\/?s={search_term_string}"},"query-input":{"@type":"PropertyValueSpecification","valueRequired":true,"valueName":"search_term_string"}}],"inLanguage":"en-US"},{"@type":"Organization","@id":"https:\/\/plantlightscience.com\/en\/#organization","name":"Plant Light Science GmbH & Co. KG","alternateName":"PLS","url":"https:\/\/plantlightscience.com\/en\/","logo":{"@type":"ImageObject","inLanguage":"en-US","@id":"https:\/\/plantlightscience.com\/en\/#\/schema\/logo\/image\/","url":"https:\/\/plantlightscience.com\/wp-content\/uploads\/2024\/05\/PLS_LOGO_Zeichenflaeche-1-02.png","contentUrl":"https:\/\/plantlightscience.com\/wp-content\/uploads\/2024\/05\/PLS_LOGO_Zeichenflaeche-1-02.png","width":2180,"height":2161,"caption":"Plant Light Science GmbH & Co. KG"},"image":{"@id":"https:\/\/plantlightscience.com\/en\/#\/schema\/logo\/image\/"},"sameAs":["https:\/\/www.facebook.com\/PlantLightScience","https:\/\/www.instagram.com\/plant.light.science\/"]}]}},"_links":{"self":[{"href":"https:\/\/plantlightscience.com\/en\/wp-json\/wp\/v2\/pages\/4126","targetHints":{"allow":["GET"]}}],"collection":[{"href":"https:\/\/plantlightscience.com\/en\/wp-json\/wp\/v2\/pages"}],"about":[{"href":"https:\/\/plantlightscience.com\/en\/wp-json\/wp\/v2\/types\/page"}],"author":[{"embeddable":true,"href":"https:\/\/plantlightscience.com\/en\/wp-json\/wp\/v2\/users\/1"}],"replies":[{"embeddable":true,"href":"https:\/\/plantlightscience.com\/en\/wp-json\/wp\/v2\/comments?post=4126"}],"version-history":[{"count":0,"href":"https:\/\/plantlightscience.com\/en\/wp-json\/wp\/v2\/pages\/4126\/revisions"}],"wp:attachment":[{"href":"https:\/\/plantlightscience.com\/en\/wp-json\/wp\/v2\/media?parent=4126"}],"curies":[{"name":"wp","href":"https:\/\/api.w.org\/{rel}","templated":true}]}}