{"id":8018,"date":"2025-03-06T16:03:05","date_gmt":"2025-03-06T15:03:05","guid":{"rendered":"https:\/\/plantlightscience.com\/?post_type=product&#038;p=8018"},"modified":"2025-03-13T14:22:09","modified_gmt":"2025-03-13T13:22:09","slug":"caluma-grow-box-60-x-60-x-160-cm","status":"publish","type":"product","link":"https:\/\/plantlightscience.com\/en\/product\/caluma-grow-box-60-x-60-x-160-cm\/","title":{"rendered":"Caluma Skin Grow Box 60 \u00d7 60 \u00d7 160 cm"},"content":{"rendered":"<h3 data-start=\"148\" data-end=\"217\"><strong data-start=\"152\" data-end=\"215\">Caluma Skin grow tent 60 \u00d7 60 \u00d7 160 cm &#8211; Compact &amp; efficient<\/strong><\/h3>\n<p data-start=\"219\" data-end=\"535\">The <strong data-start=\"223\" data-end=\"244\">Caluma Skin series<\/strong> impresses with impeccable quality at an unbeatable price. The <strong data-start=\"313\" data-end=\"354\">Caluma Skin grow tent 60 \u00d7 60 \u00d7 160 cm<\/strong> is the perfect solution for compact indoor grow projects. With an area of <strong data-start=\"435\" data-end=\"446\">0.36 m\u00b2<\/strong>, it is ideal for small cultivation areas or as a growing station for young plants.  <\/p>\n<p data-start=\"537\" data-end=\"884\">Thanks to the <strong data-start=\"546\" data-end=\"583\">absolutely light-tight finish<\/strong>, unwanted light influences from the outside are prevented, while the highly <strong data-start=\"659\" data-end=\"695\">reflective inner coating<\/strong> makes optimum use of the light from your lamps. The <strong data-start=\"739\" data-end=\"806\">sturdy metal frame (16 mm rods, load capacity of up to 30 kg\/m\u00b2)<\/strong> and the <strong data-start=\"815\" data-end=\"847\">high-quality zippers<\/strong> ensure maximum durability. <\/p>\n<ul>\n<li data-start=\"886\" data-end=\"1086\"><strong data-start=\"888\" data-end=\"897\">1 door<\/strong> for easy access<\/li>\n<li data-start=\"886\" data-end=\"1086\"><strong data-start=\"923\" data-end=\"955\">3 ventilation openings (155 mm)<\/strong> for optimum air circulation<\/li>\n<li data-start=\"886\" data-end=\"1086\"><strong data-start=\"989\" data-end=\"1025\">3 ventilation windows (300 \u00d7 130 mm)<\/strong><\/li>\n<li data-start=\"886\" data-end=\"1086\"><strong data-start=\"1030\" data-end=\"1059\">Waterproof shelf<\/strong> protects against moisture<\/li>\n<\/ul>\n<h2 class=\"field field-name-field-claim field-type-text field-label-hidden field-wrapper\">Interior<\/h2>\n<ul>\n<li>Inner coating made of highly reflective Mylar with up to 95% light reflection<\/li>\n<li>Robust and easy-care materials<\/li>\n<li>Waterproof shelf<\/li>\n<\/ul>\n<h2 class=\"field field-name-field-claim field-type-text field-label-hidden field-wrapper\">Linkage<\/h2>\n<ul>\n<li>Sturdy metal frame (\u00d8 16mm) with plastic corner connectors<\/li>\n<\/ul>\n<div class=\"product-description Ambient\">\n<h2>Recommended additional products<\/h2>\n<ul>\n<li><a href=\"https:\/\/plantlightscience.com\/?s=Caluma+Trockennetz&amp;post_type=product\">DryNet<\/a><br \/>\nDry your harvest in the tent with a DryNet. This allows you to hang your fruit directly in the grow box. <\/li>\n<li><a href=\"https:\/\/plantlightscience.com\/produkt\/mammoth-web-60-100-cm-elastisches-stuetznetz\/\">ScroG net<\/a><br \/>\nWe recommend a ScroG net to increase your yields. Using the &#8220;Screen of Green&#8221; method, you can maximize the light yield and harvest thicker fruit. <\/li>\n<\/ul>\n<h2>Scope of delivery<\/h2>\n<ul>\n<li>1x Caluma Skin<\/li>\n<li>1x waterproof inlay mat<\/li>\n<\/ul>\n<\/div>\n","protected":false},"excerpt":{"rendered":"<p><strong data-start=\"244\" data-end=\"285\">Caluma Skin grow tent 60 \u00d7 60 \u00d7 160 cm<\/strong> &#8211; <strong data-start=\"288\" data-end=\"311\">Compact &amp; efficient<\/strong><\/p>\n<p>\u2714 <strong data-start=\"316\" data-end=\"344\">Perfect for small spaces<\/strong> &#8211; Ideal for growing &amp; limited space<br data-start=\"383\" data-end=\"386\">\u2714 <strong data-start=\"388\" data-end=\"424\">Lightproof &amp; highly reflective<\/strong> &#8211; Maximum light output for healthy growth<br data-start=\"471\" data-end=\"474\">\u2714 <strong data-start=\"476\" data-end=\"504\">High-quality workmanship<\/strong> &#8211; Robust zippers &amp; sturdy metal frame sturdy metal frame<br data-start=\"555\" data-end=\"558\">\u2714 <strong data-start=\"560\" data-end=\"582\">Optimum ventilation<\/strong> &#8211; 3 ventilation openings &amp; large ventilation windows<br data-start=\"632\" data-end=\"635\" data-is-only-node=\"\">\u2714 <strong data-start=\"637\" data-end=\"665\">Protection against water damage<\/strong> &#8211; Waterproof shelf<\/p>\n","protected":false},"featured_media":8130,"template":"","meta":[],"pwb-brand":[150],"product_brand":[],"product_cat":[111,327],"product_tag":[],"class_list":{"0":"post-8018","1":"product","2":"type-product","3":"status-publish","4":"has-post-thumbnail","6":"pwb-brand-caluma","7":"product_cat-grow-tents","8":"product_cat-small","10":"first","11":"outofstock","12":"sale","13":"taxable","14":"shipping-taxable","15":"purchasable","16":"product-type-simple"},"yoast_head":"<!-- This site is optimized with the Yoast SEO plugin v26.4 - https:\/\/yoast.com\/wordpress\/plugins\/seo\/ -->\n<title>Caluma Skin Grow Box 60 \u00d7 60 \u00d7 160 cm | Plant Light Science<\/title>\n<meta name=\"robots\" content=\"index, follow, max-snippet:-1, max-image-preview:large, max-video-preview:-1\" \/>\n<link rel=\"canonical\" href=\"https:\/\/plantlightscience.com\/en\/product\/caluma-grow-box-60-x-60-x-160-cm\/\" \/>\n<meta property=\"og:locale\" content=\"en_US\" \/>\n<meta property=\"og:type\" content=\"article\" \/>\n<meta property=\"og:title\" content=\"Caluma Skin Grow Box 60 \u00d7 60 \u00d7 160 cm | Plant Light Science\" \/>\n<meta property=\"og:description\" content=\"Caluma Skin grow tent 60 \u00d7 60 \u00d7 160 cm - Compact &amp; efficient \u2714 Perfect for small spaces - Ideal for growing &amp; limited space\u2714 Lightproof &amp; highly reflective - Maximum light output for healthy growth\u2714 High-quality workmanship - Robust zippers &amp; sturdy metal frame sturdy metal frame\u2714 Optimum ventilation - 3 ventilation openings &amp; large ventilation windows\u2714 Protection against water damage - Waterproof shelf\" \/>\n<meta property=\"og:url\" content=\"https:\/\/plantlightscience.com\/en\/product\/caluma-grow-box-60-x-60-x-160-cm\/\" \/>\n<meta property=\"og:site_name\" content=\"Plant Light Science\" \/>\n<meta property=\"article:publisher\" content=\"https:\/\/www.facebook.com\/PlantLightScience\" \/>\n<meta property=\"article:modified_time\" content=\"2025-03-13T13:22:09+00:00\" \/>\n<meta property=\"og:image\" content=\"https:\/\/plantlightscience.com\/wp-content\/uploads\/2025\/03\/caluma-skin-60x60x160cm-growzelt.jpg\" \/>\n\t<meta property=\"og:image:width\" content=\"1024\" \/>\n\t<meta property=\"og:image:height\" content=\"1024\" \/>\n\t<meta property=\"og:image:type\" content=\"image\/jpeg\" \/>\n<meta name=\"twitter:card\" content=\"summary_large_image\" \/>\n<meta name=\"twitter:label1\" content=\"Est. reading time\" \/>\n\t<meta name=\"twitter:data1\" content=\"2 minutes\" \/>\n<script type=\"application\/ld+json\" class=\"yoast-schema-graph\">{\"@context\":\"https:\/\/schema.org\",\"@graph\":[{\"@type\":\"WebPage\",\"@id\":\"https:\/\/plantlightscience.com\/en\/product\/caluma-grow-box-60-x-60-x-160-cm\/\",\"url\":\"https:\/\/plantlightscience.com\/en\/product\/caluma-grow-box-60-x-60-x-160-cm\/\",\"name\":\"Caluma Skin Grow Box 60 \u00d7 60 \u00d7 160 cm | Plant Light Science\",\"isPartOf\":{\"@id\":\"https:\/\/plantlightscience.com\/en\/#website\"},\"primaryImageOfPage\":{\"@id\":\"https:\/\/plantlightscience.com\/en\/product\/caluma-grow-box-60-x-60-x-160-cm\/#primaryimage\"},\"image\":{\"@id\":\"https:\/\/plantlightscience.com\/en\/product\/caluma-grow-box-60-x-60-x-160-cm\/#primaryimage\"},\"thumbnailUrl\":\"https:\/\/plantlightscience.com\/wp-content\/uploads\/2025\/03\/caluma-skin-60x60x160cm-growzelt.jpg\",\"datePublished\":\"2025-03-06T15:03:05+00:00\",\"dateModified\":\"2025-03-13T13:22:09+00:00\",\"breadcrumb\":{\"@id\":\"https:\/\/plantlightscience.com\/en\/product\/caluma-grow-box-60-x-60-x-160-cm\/#breadcrumb\"},\"inLanguage\":\"en-US\",\"potentialAction\":[{\"@type\":\"ReadAction\",\"target\":[\"https:\/\/plantlightscience.com\/en\/product\/caluma-grow-box-60-x-60-x-160-cm\/\"]}]},{\"@type\":\"ImageObject\",\"inLanguage\":\"en-US\",\"@id\":\"https:\/\/plantlightscience.com\/en\/product\/caluma-grow-box-60-x-60-x-160-cm\/#primaryimage\",\"url\":\"https:\/\/plantlightscience.com\/wp-content\/uploads\/2025\/03\/caluma-skin-60x60x160cm-growzelt.jpg\",\"contentUrl\":\"https:\/\/plantlightscience.com\/wp-content\/uploads\/2025\/03\/caluma-skin-60x60x160cm-growzelt.jpg\",\"width\":1024,\"height\":1024},{\"@type\":\"BreadcrumbList\",\"@id\":\"https:\/\/plantlightscience.com\/en\/product\/caluma-grow-box-60-x-60-x-160-cm\/#breadcrumb\",\"itemListElement\":[{\"@type\":\"ListItem\",\"position\":1,\"name\":\"Startseite\",\"item\":\"https:\/\/plantlightscience.com\/en\/\"},{\"@type\":\"ListItem\",\"position\":2,\"name\":\"Store\",\"item\":\"https:\/\/plantlightscience.com\/en\/shop-2\/\"},{\"@type\":\"ListItem\",\"position\":3,\"name\":\"Caluma Skin Grow Box 60 \u00d7 60 \u00d7 160 cm\"}]},{\"@type\":\"WebSite\",\"@id\":\"https:\/\/plantlightscience.com\/en\/#website\",\"url\":\"https:\/\/plantlightscience.com\/en\/\",\"name\":\"Plant Light Science\",\"description\":\"Pflanzenbeleuchtung &amp; Grow-Zubeh\u00f6r\",\"publisher\":{\"@id\":\"https:\/\/plantlightscience.com\/en\/#organization\"},\"alternateName\":\"PLS\",\"potentialAction\":[{\"@type\":\"SearchAction\",\"target\":{\"@type\":\"EntryPoint\",\"urlTemplate\":\"https:\/\/plantlightscience.com\/en\/?s={search_term_string}\"},\"query-input\":{\"@type\":\"PropertyValueSpecification\",\"valueRequired\":true,\"valueName\":\"search_term_string\"}}],\"inLanguage\":\"en-US\"},{\"@type\":\"Organization\",\"@id\":\"https:\/\/plantlightscience.com\/en\/#organization\",\"name\":\"Plant Light Science GmbH & Co. KG\",\"alternateName\":\"PLS\",\"url\":\"https:\/\/plantlightscience.com\/en\/\",\"logo\":{\"@type\":\"ImageObject\",\"inLanguage\":\"en-US\",\"@id\":\"https:\/\/plantlightscience.com\/en\/#\/schema\/logo\/image\/\",\"url\":\"https:\/\/plantlightscience.com\/wp-content\/uploads\/2024\/05\/PLS_LOGO_Zeichenflaeche-1-02.png\",\"contentUrl\":\"https:\/\/plantlightscience.com\/wp-content\/uploads\/2024\/05\/PLS_LOGO_Zeichenflaeche-1-02.png\",\"width\":2180,\"height\":2161,\"caption\":\"Plant Light Science GmbH & Co. KG\"},\"image\":{\"@id\":\"https:\/\/plantlightscience.com\/en\/#\/schema\/logo\/image\/\"},\"sameAs\":[\"https:\/\/www.facebook.com\/PlantLightScience\",\"https:\/\/www.instagram.com\/plant.light.science\/\"]}]}<\/script>\n<!-- \/ Yoast SEO plugin. -->","yoast_head_json":{"title":"Caluma Skin Grow Box 60 \u00d7 60 \u00d7 160 cm | Plant Light Science","robots":{"index":"index","follow":"follow","max-snippet":"max-snippet:-1","max-image-preview":"max-image-preview:large","max-video-preview":"max-video-preview:-1"},"canonical":"https:\/\/plantlightscience.com\/en\/product\/caluma-grow-box-60-x-60-x-160-cm\/","og_locale":"en_US","og_type":"article","og_title":"Caluma Skin Grow Box 60 \u00d7 60 \u00d7 160 cm | Plant Light Science","og_description":"Caluma Skin grow tent 60 \u00d7 60 \u00d7 160 cm - Compact &amp; efficient \u2714 Perfect for small spaces - Ideal for growing &amp; limited space\u2714 Lightproof &amp; highly reflective - Maximum light output for healthy growth\u2714 High-quality workmanship - Robust zippers &amp; sturdy metal frame sturdy metal frame\u2714 Optimum ventilation - 3 ventilation openings &amp; large ventilation windows\u2714 Protection against water damage - Waterproof shelf","og_url":"https:\/\/plantlightscience.com\/en\/product\/caluma-grow-box-60-x-60-x-160-cm\/","og_site_name":"Plant Light Science","article_publisher":"https:\/\/www.facebook.com\/PlantLightScience","article_modified_time":"2025-03-13T13:22:09+00:00","og_image":[{"width":1024,"height":1024,"url":"https:\/\/plantlightscience.com\/wp-content\/uploads\/2025\/03\/caluma-skin-60x60x160cm-growzelt.jpg","type":"image\/jpeg"}],"twitter_card":"summary_large_image","twitter_misc":{"Est. reading time":"2 minutes"},"schema":{"@context":"https:\/\/schema.org","@graph":[{"@type":"WebPage","@id":"https:\/\/plantlightscience.com\/en\/product\/caluma-grow-box-60-x-60-x-160-cm\/","url":"https:\/\/plantlightscience.com\/en\/product\/caluma-grow-box-60-x-60-x-160-cm\/","name":"Caluma Skin Grow Box 60 \u00d7 60 \u00d7 160 cm | Plant Light Science","isPartOf":{"@id":"https:\/\/plantlightscience.com\/en\/#website"},"primaryImageOfPage":{"@id":"https:\/\/plantlightscience.com\/en\/product\/caluma-grow-box-60-x-60-x-160-cm\/#primaryimage"},"image":{"@id":"https:\/\/plantlightscience.com\/en\/product\/caluma-grow-box-60-x-60-x-160-cm\/#primaryimage"},"thumbnailUrl":"https:\/\/plantlightscience.com\/wp-content\/uploads\/2025\/03\/caluma-skin-60x60x160cm-growzelt.jpg","datePublished":"2025-03-06T15:03:05+00:00","dateModified":"2025-03-13T13:22:09+00:00","breadcrumb":{"@id":"https:\/\/plantlightscience.com\/en\/product\/caluma-grow-box-60-x-60-x-160-cm\/#breadcrumb"},"inLanguage":"en-US","potentialAction":[{"@type":"ReadAction","target":["https:\/\/plantlightscience.com\/en\/product\/caluma-grow-box-60-x-60-x-160-cm\/"]}]},{"@type":"ImageObject","inLanguage":"en-US","@id":"https:\/\/plantlightscience.com\/en\/product\/caluma-grow-box-60-x-60-x-160-cm\/#primaryimage","url":"https:\/\/plantlightscience.com\/wp-content\/uploads\/2025\/03\/caluma-skin-60x60x160cm-growzelt.jpg","contentUrl":"https:\/\/plantlightscience.com\/wp-content\/uploads\/2025\/03\/caluma-skin-60x60x160cm-growzelt.jpg","width":1024,"height":1024},{"@type":"BreadcrumbList","@id":"https:\/\/plantlightscience.com\/en\/product\/caluma-grow-box-60-x-60-x-160-cm\/#breadcrumb","itemListElement":[{"@type":"ListItem","position":1,"name":"Startseite","item":"https:\/\/plantlightscience.com\/en\/"},{"@type":"ListItem","position":2,"name":"Store","item":"https:\/\/plantlightscience.com\/en\/shop-2\/"},{"@type":"ListItem","position":3,"name":"Caluma Skin Grow Box 60 \u00d7 60 \u00d7 160 cm"}]},{"@type":"WebSite","@id":"https:\/\/plantlightscience.com\/en\/#website","url":"https:\/\/plantlightscience.com\/en\/","name":"Plant Light Science","description":"Pflanzenbeleuchtung &amp; Grow-Zubeh\u00f6r","publisher":{"@id":"https:\/\/plantlightscience.com\/en\/#organization"},"alternateName":"PLS","potentialAction":[{"@type":"SearchAction","target":{"@type":"EntryPoint","urlTemplate":"https:\/\/plantlightscience.com\/en\/?s={search_term_string}"},"query-input":{"@type":"PropertyValueSpecification","valueRequired":true,"valueName":"search_term_string"}}],"inLanguage":"en-US"},{"@type":"Organization","@id":"https:\/\/plantlightscience.com\/en\/#organization","name":"Plant Light Science GmbH & Co. KG","alternateName":"PLS","url":"https:\/\/plantlightscience.com\/en\/","logo":{"@type":"ImageObject","inLanguage":"en-US","@id":"https:\/\/plantlightscience.com\/en\/#\/schema\/logo\/image\/","url":"https:\/\/plantlightscience.com\/wp-content\/uploads\/2024\/05\/PLS_LOGO_Zeichenflaeche-1-02.png","contentUrl":"https:\/\/plantlightscience.com\/wp-content\/uploads\/2024\/05\/PLS_LOGO_Zeichenflaeche-1-02.png","width":2180,"height":2161,"caption":"Plant Light Science GmbH & Co. KG"},"image":{"@id":"https:\/\/plantlightscience.com\/en\/#\/schema\/logo\/image\/"},"sameAs":["https:\/\/www.facebook.com\/PlantLightScience","https:\/\/www.instagram.com\/plant.light.science\/"]}]}},"brands":[{"id":150,"name":"Caluma","slug":"caluma"}],"_links":{"self":[{"href":"https:\/\/plantlightscience.com\/en\/wp-json\/wp\/v2\/product\/8018","targetHints":{"allow":["GET"]}}],"collection":[{"href":"https:\/\/plantlightscience.com\/en\/wp-json\/wp\/v2\/product"}],"about":[{"href":"https:\/\/plantlightscience.com\/en\/wp-json\/wp\/v2\/types\/product"}],"wp:featuredmedia":[{"embeddable":true,"href":"https:\/\/plantlightscience.com\/en\/wp-json\/wp\/v2\/media\/8130"}],"wp:attachment":[{"href":"https:\/\/plantlightscience.com\/en\/wp-json\/wp\/v2\/media?parent=8018"}],"wp:term":[{"taxonomy":"pwb-brand","embeddable":true,"href":"https:\/\/plantlightscience.com\/en\/wp-json\/wp\/v2\/pwb-brand?post=8018"},{"taxonomy":"product_brand","embeddable":true,"href":"https:\/\/plantlightscience.com\/en\/wp-json\/wp\/v2\/product_brand?post=8018"},{"taxonomy":"product_cat","embeddable":true,"href":"https:\/\/plantlightscience.com\/en\/wp-json\/wp\/v2\/product_cat?post=8018"},{"taxonomy":"product_tag","embeddable":true,"href":"https:\/\/plantlightscience.com\/en\/wp-json\/wp\/v2\/product_tag?post=8018"}],"curies":[{"name":"wp","href":"https:\/\/api.w.org\/{rel}","templated":true}]}}