{"id":8925,"date":"2025-06-26T21:01:19","date_gmt":"2025-06-26T19:01:19","guid":{"rendered":"https:\/\/plantlightscience.com\/?post_type=product&#038;p=8925"},"modified":"2025-12-17T19:32:03","modified_gmt":"2025-12-17T18:32:03","slug":"caluma-grow-complete-set-for-2-plants-80x80x180-cm-240-watt","status":"publish","type":"product","link":"https:\/\/plantlightscience.com\/en\/product\/caluma-grow-complete-set-for-2-plants-80x80x180-cm-240-watt\/","title":{"rendered":"Caluma Grow complete set for 2 plants 80x80x180 cm 240 Watt"},"content":{"rendered":"<p><strong>The Caluma sets make it as easy as possible for you to get started with indoor cultivation. The sets are named after the number of plants that can be accommodated in each tent. There are also two variants for each tent size. One, with a slightly weaker Caluma Force LED, the other variant contains the next most powerful lamp.<\/strong><\/p>\n<h2>About the components:<\/h2>\n<h3>Caluma LED Force<\/h3>\n<p>The LED boards are delivered pre-assembled. For you, Plug&amp;Play means zero effort and uncomplicated installation:<br \/>\nUnboxing \u2192 connect driver \u2192 plug into socket and off you go!<\/p>\n<p>The spectrum of the Caluma LED Force lamps has been designed to guarantee the highest possible yields. It has been perfectly adapted to the needs of the plant during both the growth and flowering phases. It not only offers high efficiency, but also healthy plant growth. This will give your plants more compact growth, healthy leaf development, stable stems and better rooting. The peak at 660nm also achieves particularly good results in the flowering phase.<\/p>\n<p>Under the following link you will find the assembly instructions and the data sheet:<\/p>\n<p><a href=\"https:\/\/plantlightscience.com\/wp-content\/uploads\/2025\/06\/Caluma_Manual_FORCE_LED_75W_150_240_320W.pdf\">Caluma_Manual_FORCE_LED_75W_150_240_320W<\/a><\/p>\n<p><a href=\"https:\/\/plantlightscience.com\/wp-content\/uploads\/2025\/06\/250606_CAL_Datenblatt_ForceLED_75W.pdf\">250606_CAL_Datenblatt_ForceLED_75W<\/a><\/p>\n<h3>Caluma Skin tents<\/h3>\n<p>This range of grow tents is perfectly tailored to the needs of both hobby gardeners and professionals. The bright light from your lamp as well as the pleasant plant fragrance are safely enclosed by the lightweight and airtight Mylar material. The inner coating of the tent is highly reflective to further enhance the effect of the lamps and maximize the light output. A protective film on the floor protects against watering accidents All tents use the tried and tested Mylar 210D fabric and 16 mm metal poles.<\/p>\n<p>You can find the assembly instructions under the following link:<\/p>\n<p><a href=\"https:\/\/plantlightscience.com\/wp-content\/uploads\/2025\/06\/CALUMA_SKIN_GROWTENT_MANUAL_DE_EN.pdf\">CALUMA_SKIN_GROW_tent_MANUAL_EN_EN<\/a><\/p>\n<h3>Caluma thermo-hygrometer with clock and probe<\/h3>\n<p>The thermo-hygrometer allows you to continuously monitor the temperature and humidity and optimize them depending on the cultivation phase and room climate.<\/p>\n<p>You can find operating instructions under the following link:<\/p>\n<p><a href=\"https:\/\/plantlightscience.com\/wp-content\/uploads\/2025\/06\/Anleitung-Caluma-digitales-Thermo-Hygrometer-mit-Uhr.pdf\">Manual Caluma digital thermo-hygrometer with clock<\/a><\/p>\n<h3>Caluma activated charcoal filter<\/h3>\n<p data-start=\"96\" data-end=\"466\"><strong data-start=\"96\" data-end=\"171\">Reliable odor protection for your grow box<\/strong><br data-start=\"171\" data-end=\"174\">The activated charcoal filters from Caluma effectively ensure that no unwanted odors escape from your grow box. In combination with a suitable exhaust fan, the air is extracted from the interior and thoroughly filtered &#8211; keeping your environment free from unpleasant odors. <\/p>\n<p data-start=\"468\" data-end=\"758\">Thanks to a 3 mm thick layer of high-quality CTC80 activated carbon, the filter binds even the finest odor molecules. The large surface area of the activated carbon enables particularly efficient absorption. Two integrated mounting eyelets facilitate simple and secure attachment in the grow tent.  <\/p>\n<p data-start=\"760\" data-end=\"966\">Please note: Activated charcoal filters are consumable products and must be replaced regularly. It is time for a filter change at the latest when odors are noticeable again outside the grow box. <\/p>\n<h3>Caluma mini axial fan<\/h3>\n<p>The Caluma Mini axial fan impresses with its high-quality workmanship and durability. The axial fan from Caluma is one of the quietest tube fans of its kind and is easily connected to a Caluma activated carbon filter using a Caluma connection sleeve thanks to its 100 mm opening.<\/p>\n<h3>Caluma Combi Connect<\/h3>\n<p>Flexible duct made of aluminum and plastic for air regulation and ventilation of indoor installations.<\/p>\n<h3>Caluma Clip Fan<\/h3>\n<p>The clip fan fits easily into any grow box. It is simply attached to the poles of your grow tent using a clip. The generous cable length enables easy installation.<\/p>\n<h3>Caluma PotPots<\/h3>\n<p>Caluma PotPots consist of a waterproof and breathable outer layer of textile fibers and a water-permeable soil surface. The breathable fiber walls provide the roots with an optimal supply of oxygen. The water-permeable bottom also prevents waterlogging.<\/p>\n<p>In normal plastic pots, the roots always come up against the impermeable cover at some point. This allows the roots to grow in circles in search of nutrients. With Caluma PotPots, this can be easily avoided. When the roots grow through the tissue cover, the tips naturally die off and the plant forms new, thin roots. This creates a dense, healthy root network.<\/p>\n<p>Another advantage is the cooling effect of fabric pots. Unlike conventional plastic pots, PotPots do not store heat, so the roots of your plants stay cool even at high outside temperatures. In addition, each pot has a small holder to which you can attach a hose for the hydro system or a label with the plant variety.<\/p>\n<p>The Caluma PotPots are suitable for soil, coconut and drip irrigation hydro systems. Our PotPots are made from environmentally friendly, recycled materials!<\/p>\n<h3>Timer<\/h3>\n<p>The timer gives you optimum and uncomplicated control over your lighting times. It is always a reliable partner for each of your grow cycles.<\/p>\n","protected":false},"excerpt":{"rendered":"<p>The Caluma complete set offers you everything you need to grow your plants. And all this in the best quality and at an unbeatable price.<\/p>\n<p>The <strong>Caluma set &#8211; 2 plants (80 \u00d7 80 cm, 240 W)<\/strong> consists of the following components:<\/p>\n<ul>\n<li>1 \u00d7 Caluma LED Force 240 W, 2.7 \u00b5mol\/J<\/li>\n<li>1 \u00d7 Caluma Skin 0.8 \u00d7 0.8 \u00d7 1.8 m<\/li>\n<li>1 \u00d7 Caluma thermo-hygrometer with clock and probe<\/li>\n<li>1 \u00d7 Caluma activated charcoal filter, \u00f8 100 mm, 280 m\u00b3\/h<\/li>\n<li>1 \u00d7 Caluma mini axial fan, \u00f8 100 mm, 220 m\u00b3\/h<\/li>\n<li>1 \u00d7 Caluma Clip Fan, 15 cm, 15 W<\/li>\n<li>1 \u00d7 Caluma CombiConnect, 10 m, \u00f8 103 mm<\/li>\n<li>2 \u00d7 Caluma PotPot 11 l<\/li>\n<li>1 \u00d7 connecting sleeve, \u00f8 100 &#8211; 110 mm<\/li>\n<li>1 \u00d7 hose clamp, \u00f8 60 &#8211; 135 mm<\/li>\n<li>1 \u00d7 timer<\/li>\n<\/ul>\n","protected":false},"featured_media":3344,"template":"","meta":[],"pwb-brand":[150],"product_brand":[],"product_cat":[106,329],"product_tag":[],"class_list":{"0":"post-8925","1":"product","2":"type-product","3":"status-publish","4":"has-post-thumbnail","6":"pwb-brand-caluma","7":"product_cat-complete-sets","8":"product_cat-2-3-plants","10":"first","11":"outofstock","12":"sale","13":"taxable","14":"shipping-taxable","15":"purchasable","16":"product-type-simple"},"yoast_head":"<!-- This site is optimized with the Yoast SEO plugin v26.4 - https:\/\/yoast.com\/wordpress\/plugins\/seo\/ -->\n<title>Caluma Grow complete set for 2 plants 80x80x180 cm 240 Watt | Plant Light Science<\/title>\n<meta name=\"robots\" content=\"index, follow, max-snippet:-1, max-image-preview:large, max-video-preview:-1\" \/>\n<link rel=\"canonical\" href=\"https:\/\/plantlightscience.com\/en\/product\/caluma-grow-complete-set-for-2-plants-80x80x180-cm-240-watt\/\" \/>\n<meta property=\"og:locale\" content=\"en_US\" \/>\n<meta property=\"og:type\" content=\"article\" \/>\n<meta property=\"og:title\" content=\"Caluma Grow complete set for 2 plants 80x80x180 cm 240 Watt | Plant Light Science\" \/>\n<meta property=\"og:description\" content=\"The Caluma complete set offers you everything you need to grow your plants. And all this in the best quality and at an unbeatable price. The Caluma set - 2 plants (80 \u00d7 80 cm, 240 W) consists of the following components:  1 \u00d7 Caluma LED Force 240 W, 2.7 \u00b5mol\/J  1 \u00d7 Caluma Skin 0.8 \u00d7 0.8 \u00d7 1.8 m  1 \u00d7 Caluma thermo-hygrometer with clock and probe  1 \u00d7 Caluma activated charcoal filter, \u00f8 100 mm, 280 m\u00b3\/h  1 \u00d7 Caluma mini axial fan, \u00f8 100 mm, 220 m\u00b3\/h  1 \u00d7 Caluma Clip Fan, 15 cm, 15 W  1 \u00d7 Caluma CombiConnect, 10 m, \u00f8 103 mm  2 \u00d7 Caluma PotPot 11 l  1 \u00d7 connecting sleeve, \u00f8 100 - 110 mm  1 \u00d7 hose clamp, \u00f8 60 - 135 mm  1 \u00d7 timer\" \/>\n<meta property=\"og:url\" content=\"https:\/\/plantlightscience.com\/en\/product\/caluma-grow-complete-set-for-2-plants-80x80x180-cm-240-watt\/\" \/>\n<meta property=\"og:site_name\" content=\"Plant Light Science\" \/>\n<meta property=\"article:publisher\" content=\"https:\/\/www.facebook.com\/PlantLightScience\" \/>\n<meta property=\"article:modified_time\" content=\"2025-12-17T18:32:03+00:00\" \/>\n<meta property=\"og:image\" content=\"https:\/\/plantlightscience.com\/wp-content\/uploads\/2024\/02\/20026_1008008_2-Pflanz-Set_1920x1920.png\" \/>\n\t<meta property=\"og:image:width\" content=\"1911\" \/>\n\t<meta property=\"og:image:height\" content=\"1920\" \/>\n\t<meta property=\"og:image:type\" content=\"image\/png\" \/>\n<meta name=\"twitter:card\" content=\"summary_large_image\" \/>\n<meta name=\"twitter:label1\" content=\"Est. reading time\" \/>\n\t<meta name=\"twitter:data1\" content=\"4 minutes\" \/>\n<script type=\"application\/ld+json\" class=\"yoast-schema-graph\">{\"@context\":\"https:\/\/schema.org\",\"@graph\":[{\"@type\":\"WebPage\",\"@id\":\"https:\/\/plantlightscience.com\/en\/product\/caluma-grow-complete-set-for-2-plants-80x80x180-cm-240-watt\/\",\"url\":\"https:\/\/plantlightscience.com\/en\/product\/caluma-grow-complete-set-for-2-plants-80x80x180-cm-240-watt\/\",\"name\":\"Caluma Grow complete set for 2 plants 80x80x180 cm 240 Watt | Plant Light Science\",\"isPartOf\":{\"@id\":\"https:\/\/plantlightscience.com\/en\/#website\"},\"primaryImageOfPage\":{\"@id\":\"https:\/\/plantlightscience.com\/en\/product\/caluma-grow-complete-set-for-2-plants-80x80x180-cm-240-watt\/#primaryimage\"},\"image\":{\"@id\":\"https:\/\/plantlightscience.com\/en\/product\/caluma-grow-complete-set-for-2-plants-80x80x180-cm-240-watt\/#primaryimage\"},\"thumbnailUrl\":\"https:\/\/plantlightscience.com\/wp-content\/uploads\/2024\/02\/20026_1008008_2-Pflanz-Set_1920x1920.png\",\"datePublished\":\"2025-06-26T19:01:19+00:00\",\"dateModified\":\"2025-12-17T18:32:03+00:00\",\"breadcrumb\":{\"@id\":\"https:\/\/plantlightscience.com\/en\/product\/caluma-grow-complete-set-for-2-plants-80x80x180-cm-240-watt\/#breadcrumb\"},\"inLanguage\":\"en-US\",\"potentialAction\":[{\"@type\":\"ReadAction\",\"target\":[\"https:\/\/plantlightscience.com\/en\/product\/caluma-grow-complete-set-for-2-plants-80x80x180-cm-240-watt\/\"]}]},{\"@type\":\"ImageObject\",\"inLanguage\":\"en-US\",\"@id\":\"https:\/\/plantlightscience.com\/en\/product\/caluma-grow-complete-set-for-2-plants-80x80x180-cm-240-watt\/#primaryimage\",\"url\":\"https:\/\/plantlightscience.com\/wp-content\/uploads\/2024\/02\/20026_1008008_2-Pflanz-Set_1920x1920.png\",\"contentUrl\":\"https:\/\/plantlightscience.com\/wp-content\/uploads\/2024\/02\/20026_1008008_2-Pflanz-Set_1920x1920.png\",\"width\":1911,\"height\":1920},{\"@type\":\"BreadcrumbList\",\"@id\":\"https:\/\/plantlightscience.com\/en\/product\/caluma-grow-complete-set-for-2-plants-80x80x180-cm-240-watt\/#breadcrumb\",\"itemListElement\":[{\"@type\":\"ListItem\",\"position\":1,\"name\":\"Startseite\",\"item\":\"https:\/\/plantlightscience.com\/en\/\"},{\"@type\":\"ListItem\",\"position\":2,\"name\":\"Store\",\"item\":\"https:\/\/plantlightscience.com\/en\/shop-2\/\"},{\"@type\":\"ListItem\",\"position\":3,\"name\":\"Caluma Grow complete set for 2 plants 80x80x180 cm 240 Watt\"}]},{\"@type\":\"WebSite\",\"@id\":\"https:\/\/plantlightscience.com\/en\/#website\",\"url\":\"https:\/\/plantlightscience.com\/en\/\",\"name\":\"Plant Light Science\",\"description\":\"Pflanzenbeleuchtung &amp; Grow-Zubeh\u00f6r\",\"publisher\":{\"@id\":\"https:\/\/plantlightscience.com\/en\/#organization\"},\"alternateName\":\"PLS\",\"potentialAction\":[{\"@type\":\"SearchAction\",\"target\":{\"@type\":\"EntryPoint\",\"urlTemplate\":\"https:\/\/plantlightscience.com\/en\/?s={search_term_string}\"},\"query-input\":{\"@type\":\"PropertyValueSpecification\",\"valueRequired\":true,\"valueName\":\"search_term_string\"}}],\"inLanguage\":\"en-US\"},{\"@type\":\"Organization\",\"@id\":\"https:\/\/plantlightscience.com\/en\/#organization\",\"name\":\"Plant Light Science GmbH & Co. KG\",\"alternateName\":\"PLS\",\"url\":\"https:\/\/plantlightscience.com\/en\/\",\"logo\":{\"@type\":\"ImageObject\",\"inLanguage\":\"en-US\",\"@id\":\"https:\/\/plantlightscience.com\/en\/#\/schema\/logo\/image\/\",\"url\":\"https:\/\/plantlightscience.com\/wp-content\/uploads\/2024\/05\/PLS_LOGO_Zeichenflaeche-1-02.png\",\"contentUrl\":\"https:\/\/plantlightscience.com\/wp-content\/uploads\/2024\/05\/PLS_LOGO_Zeichenflaeche-1-02.png\",\"width\":2180,\"height\":2161,\"caption\":\"Plant Light Science GmbH & Co. KG\"},\"image\":{\"@id\":\"https:\/\/plantlightscience.com\/en\/#\/schema\/logo\/image\/\"},\"sameAs\":[\"https:\/\/www.facebook.com\/PlantLightScience\",\"https:\/\/www.instagram.com\/plant.light.science\/\"]}]}<\/script>\n<!-- \/ Yoast SEO plugin. -->","yoast_head_json":{"title":"Caluma Grow complete set for 2 plants 80x80x180 cm 240 Watt | Plant Light Science","robots":{"index":"index","follow":"follow","max-snippet":"max-snippet:-1","max-image-preview":"max-image-preview:large","max-video-preview":"max-video-preview:-1"},"canonical":"https:\/\/plantlightscience.com\/en\/product\/caluma-grow-complete-set-for-2-plants-80x80x180-cm-240-watt\/","og_locale":"en_US","og_type":"article","og_title":"Caluma Grow complete set for 2 plants 80x80x180 cm 240 Watt | Plant Light Science","og_description":"The Caluma complete set offers you everything you need to grow your plants. And all this in the best quality and at an unbeatable price. The Caluma set - 2 plants (80 \u00d7 80 cm, 240 W) consists of the following components:  1 \u00d7 Caluma LED Force 240 W, 2.7 \u00b5mol\/J  1 \u00d7 Caluma Skin 0.8 \u00d7 0.8 \u00d7 1.8 m  1 \u00d7 Caluma thermo-hygrometer with clock and probe  1 \u00d7 Caluma activated charcoal filter, \u00f8 100 mm, 280 m\u00b3\/h  1 \u00d7 Caluma mini axial fan, \u00f8 100 mm, 220 m\u00b3\/h  1 \u00d7 Caluma Clip Fan, 15 cm, 15 W  1 \u00d7 Caluma CombiConnect, 10 m, \u00f8 103 mm  2 \u00d7 Caluma PotPot 11 l  1 \u00d7 connecting sleeve, \u00f8 100 - 110 mm  1 \u00d7 hose clamp, \u00f8 60 - 135 mm  1 \u00d7 timer","og_url":"https:\/\/plantlightscience.com\/en\/product\/caluma-grow-complete-set-for-2-plants-80x80x180-cm-240-watt\/","og_site_name":"Plant Light Science","article_publisher":"https:\/\/www.facebook.com\/PlantLightScience","article_modified_time":"2025-12-17T18:32:03+00:00","og_image":[{"width":1911,"height":1920,"url":"https:\/\/plantlightscience.com\/wp-content\/uploads\/2024\/02\/20026_1008008_2-Pflanz-Set_1920x1920.png","type":"image\/png"}],"twitter_card":"summary_large_image","twitter_misc":{"Est. reading time":"4 minutes"},"schema":{"@context":"https:\/\/schema.org","@graph":[{"@type":"WebPage","@id":"https:\/\/plantlightscience.com\/en\/product\/caluma-grow-complete-set-for-2-plants-80x80x180-cm-240-watt\/","url":"https:\/\/plantlightscience.com\/en\/product\/caluma-grow-complete-set-for-2-plants-80x80x180-cm-240-watt\/","name":"Caluma Grow complete set for 2 plants 80x80x180 cm 240 Watt | Plant Light Science","isPartOf":{"@id":"https:\/\/plantlightscience.com\/en\/#website"},"primaryImageOfPage":{"@id":"https:\/\/plantlightscience.com\/en\/product\/caluma-grow-complete-set-for-2-plants-80x80x180-cm-240-watt\/#primaryimage"},"image":{"@id":"https:\/\/plantlightscience.com\/en\/product\/caluma-grow-complete-set-for-2-plants-80x80x180-cm-240-watt\/#primaryimage"},"thumbnailUrl":"https:\/\/plantlightscience.com\/wp-content\/uploads\/2024\/02\/20026_1008008_2-Pflanz-Set_1920x1920.png","datePublished":"2025-06-26T19:01:19+00:00","dateModified":"2025-12-17T18:32:03+00:00","breadcrumb":{"@id":"https:\/\/plantlightscience.com\/en\/product\/caluma-grow-complete-set-for-2-plants-80x80x180-cm-240-watt\/#breadcrumb"},"inLanguage":"en-US","potentialAction":[{"@type":"ReadAction","target":["https:\/\/plantlightscience.com\/en\/product\/caluma-grow-complete-set-for-2-plants-80x80x180-cm-240-watt\/"]}]},{"@type":"ImageObject","inLanguage":"en-US","@id":"https:\/\/plantlightscience.com\/en\/product\/caluma-grow-complete-set-for-2-plants-80x80x180-cm-240-watt\/#primaryimage","url":"https:\/\/plantlightscience.com\/wp-content\/uploads\/2024\/02\/20026_1008008_2-Pflanz-Set_1920x1920.png","contentUrl":"https:\/\/plantlightscience.com\/wp-content\/uploads\/2024\/02\/20026_1008008_2-Pflanz-Set_1920x1920.png","width":1911,"height":1920},{"@type":"BreadcrumbList","@id":"https:\/\/plantlightscience.com\/en\/product\/caluma-grow-complete-set-for-2-plants-80x80x180-cm-240-watt\/#breadcrumb","itemListElement":[{"@type":"ListItem","position":1,"name":"Startseite","item":"https:\/\/plantlightscience.com\/en\/"},{"@type":"ListItem","position":2,"name":"Store","item":"https:\/\/plantlightscience.com\/en\/shop-2\/"},{"@type":"ListItem","position":3,"name":"Caluma Grow complete set for 2 plants 80x80x180 cm 240 Watt"}]},{"@type":"WebSite","@id":"https:\/\/plantlightscience.com\/en\/#website","url":"https:\/\/plantlightscience.com\/en\/","name":"Plant Light Science","description":"Pflanzenbeleuchtung &amp; Grow-Zubeh\u00f6r","publisher":{"@id":"https:\/\/plantlightscience.com\/en\/#organization"},"alternateName":"PLS","potentialAction":[{"@type":"SearchAction","target":{"@type":"EntryPoint","urlTemplate":"https:\/\/plantlightscience.com\/en\/?s={search_term_string}"},"query-input":{"@type":"PropertyValueSpecification","valueRequired":true,"valueName":"search_term_string"}}],"inLanguage":"en-US"},{"@type":"Organization","@id":"https:\/\/plantlightscience.com\/en\/#organization","name":"Plant Light Science GmbH & Co. KG","alternateName":"PLS","url":"https:\/\/plantlightscience.com\/en\/","logo":{"@type":"ImageObject","inLanguage":"en-US","@id":"https:\/\/plantlightscience.com\/en\/#\/schema\/logo\/image\/","url":"https:\/\/plantlightscience.com\/wp-content\/uploads\/2024\/05\/PLS_LOGO_Zeichenflaeche-1-02.png","contentUrl":"https:\/\/plantlightscience.com\/wp-content\/uploads\/2024\/05\/PLS_LOGO_Zeichenflaeche-1-02.png","width":2180,"height":2161,"caption":"Plant Light Science GmbH & Co. KG"},"image":{"@id":"https:\/\/plantlightscience.com\/en\/#\/schema\/logo\/image\/"},"sameAs":["https:\/\/www.facebook.com\/PlantLightScience","https:\/\/www.instagram.com\/plant.light.science\/"]}]}},"brands":[{"id":150,"name":"Caluma","slug":"caluma"}],"_links":{"self":[{"href":"https:\/\/plantlightscience.com\/en\/wp-json\/wp\/v2\/product\/8925","targetHints":{"allow":["GET"]}}],"collection":[{"href":"https:\/\/plantlightscience.com\/en\/wp-json\/wp\/v2\/product"}],"about":[{"href":"https:\/\/plantlightscience.com\/en\/wp-json\/wp\/v2\/types\/product"}],"wp:featuredmedia":[{"embeddable":true,"href":"https:\/\/plantlightscience.com\/en\/wp-json\/wp\/v2\/media\/3344"}],"wp:attachment":[{"href":"https:\/\/plantlightscience.com\/en\/wp-json\/wp\/v2\/media?parent=8925"}],"wp:term":[{"taxonomy":"pwb-brand","embeddable":true,"href":"https:\/\/plantlightscience.com\/en\/wp-json\/wp\/v2\/pwb-brand?post=8925"},{"taxonomy":"product_brand","embeddable":true,"href":"https:\/\/plantlightscience.com\/en\/wp-json\/wp\/v2\/product_brand?post=8925"},{"taxonomy":"product_cat","embeddable":true,"href":"https:\/\/plantlightscience.com\/en\/wp-json\/wp\/v2\/product_cat?post=8925"},{"taxonomy":"product_tag","embeddable":true,"href":"https:\/\/plantlightscience.com\/en\/wp-json\/wp\/v2\/product_tag?post=8925"}],"curies":[{"name":"wp","href":"https:\/\/api.w.org\/{rel}","templated":true}]}}